{"id":3619,"date":"2018-10-17T16:03:16","date_gmt":"2018-10-17T14:03:16","guid":{"rendered":"https:\/\/www.ecr-inst.com\/donate\/"},"modified":"2020-12-01T09:19:06","modified_gmt":"2020-12-01T08:19:06","slug":"spenden","status":"publish","type":"page","link":"https:\/\/www.ecr-inst.com\/de\/spenden\/","title":{"rendered":"Spenden"},"content":{"rendered":"\t\t<div data-elementor-type=\"wp-post\" data-elementor-id=\"3619\" class=\"elementor elementor-3619 elementor-869\" data-elementor-post-type=\"page\">\n\t\t\t\t\t\t<section class=\"has_eae_slider elementor-section elementor-top-section elementor-element elementor-element-bc71fbf elementor-section-height-min-height elementor-hidden-phone elementor-section-boxed elementor-section-height-default elementor-section-items-middle\" data-eae-slider=\"93380\" data-id=\"bc71fbf\" data-element_type=\"section\" data-settings=\"{&quot;background_background&quot;:&quot;classic&quot;,&quot;background_image&quot;:{&quot;url&quot;:&quot;https:\\\/\\\/www.ecr-inst.com\\\/wp-content\\\/uploads\\\/2020\\\/05\\\/shutterstock_185784755_yellow.jpg&quot;,&quot;id&quot;:25113,&quot;size&quot;:&quot;&quot;}}\">\n\t\t\t\t\t\t\t<div class=\"elementor-background-overlay\"><\/div>\n\t\t\t\t\t\t\t<div class=\"elementor-container elementor-column-gap-default\">\n\t\t\t\t\t<div class=\"has_eae_slider elementor-column elementor-col-100 elementor-top-column elementor-element elementor-element-b3afa4d\" data-eae-slider=\"4252\" data-id=\"b3afa4d\" data-element_type=\"column\">\n\t\t\t<div class=\"elementor-widget-wrap\">\n\t\t\t\t\t\t\t<\/div>\n\t\t<\/div>\n\t\t\t\t\t<\/div>\n\t\t<\/section>\n\t\t\t\t<section class=\"has_eae_slider elementor-section elementor-top-section elementor-element elementor-element-96dc68d elementor-section-height-min-height elementor-section-boxed elementor-section-height-default elementor-section-items-middle\" data-eae-slider=\"5657\" data-id=\"96dc68d\" data-element_type=\"section\" data-settings=\"{&quot;background_background&quot;:&quot;classic&quot;,&quot;background_image&quot;:{&quot;url&quot;:&quot;&quot;,&quot;id&quot;:&quot;&quot;,&quot;size&quot;:&quot;&quot;}}\">\n\t\t\t\t\t\t<div class=\"elementor-container elementor-column-gap-default\">\n\t\t\t\t\t<div class=\"has_eae_slider elementor-column elementor-col-100 elementor-top-column elementor-element elementor-element-27cbfff\" data-eae-slider=\"30195\" data-id=\"27cbfff\" data-element_type=\"column\" data-settings=\"{&quot;background_background&quot;:&quot;classic&quot;}\">\n\t\t\t<div class=\"elementor-widget-wrap elementor-element-populated\">\n\t\t\t\t\t\t<div class=\"elementor-element elementor-element-2daf9f3 underX elementor-widget elementor-widget-heading\" data-id=\"2daf9f3\" data-element_type=\"widget\" data-widget_type=\"heading.default\">\n\t\t\t\t<div class=\"elementor-widget-container\">\n\t\t\t\t\t<h1 class=\"elementor-heading-title elementor-size-default\">SPENDEN<\/h1>\t\t\t\t<\/div>\n\t\t\t\t<\/div>\n\t\t\t\t<div class=\"elementor-element elementor-element-91903b3 elementor-widget elementor-widget-text-editor\" data-id=\"91903b3\" data-element_type=\"widget\" data-widget_type=\"text-editor.default\">\n\t\t\t\t<div class=\"elementor-widget-container\">\n\t\t\t\t\t\t\t\t\t<p>Wenn Sie uns eine Spende geben m\u00f6chten, k\u00f6nnen Sie dies gern an uns tun, unter unserer Kontoverbindung:<\/p><p style=\"text-align: center;\">Veden Akademie e.V.<br \/>IBAN:\u00a0<img decoding=\"async\" class=\" wp-image-3614 aligncenter\" src=\"https:\/\/www.ecr-inst.com\/wp-content\/uploads\/2019\/07\/VedenAkademie-kto-300x23.jpg\" alt=\"\" width=\"261\" height=\"20\" srcset=\"https:\/\/www.ecr-inst.com\/wp-content\/uploads\/2019\/07\/VedenAkademie-kto-300x23.jpg 300w, https:\/\/www.ecr-inst.com\/wp-content\/uploads\/2019\/07\/VedenAkademie-kto-250x19.jpg 250w, https:\/\/www.ecr-inst.com\/wp-content\/uploads\/2019\/07\/VedenAkademie-kto-768x59.jpg 768w, https:\/\/www.ecr-inst.com\/wp-content\/uploads\/2019\/07\/VedenAkademie-kto.jpg 840w\" sizes=\"(max-width: 261px) 100vw, 261px\" \/>BIC:\u00a0GENODEF1NPP<br \/>Raiffeisenbank Ostprignitz-Ruppin<\/p><p>Wenn Ihre Spende zielgerichtet f\u00fcr eines der Forschungsinstutute des Vereins &#8211; ECR bzw. IACR &#8211; sein soll, geben Sie bitte das entsprechende K\u00fcrzel in der Zeile &#8220;Verwendungszweck&#8221; an.<\/p><p>Bitte geben Sie im &#8220;Verwendungszweck&#8221; Ihren Namen und Ihre Adresse an, wenn Sie eine Spendenbescheinigung haben m\u00f6chten. Ohne diese Angaben k\u00f6nnen wir Ihnen leider keine ausstellen und \u00fcbersenden.\u00a0<\/p><p>F\u00fcr Spenden in jeglicher H\u00f6he sind wir Ihnen dankbar.<\/p>\t\t\t\t\t\t\t\t<\/div>\n\t\t\t\t<\/div>\n\t\t\t\t\t<\/div>\n\t\t<\/div>\n\t\t\t\t\t<\/div>\n\t\t<\/section>\n\t\t\t\t<section data-eae-particle=\"{\r\n                      &quot;particles&quot;: {\r\n                        &quot;number&quot;: {\r\n                          &quot;value&quot;: 50,\r\n                          &quot;density&quot;: {\r\n                            &quot;enable&quot;: true,\r\n                            &quot;value_area&quot;: 800\r\n                          }\r\n                        },\r\n                        &quot;color&quot;: {\r\n                          &quot;value&quot;: &quot;#ffffff&quot;\r\n                        },\r\n                        &quot;shape&quot;: {\r\n                          &quot;type&quot;: &quot;circle&quot;,\r\n                          &quot;stroke&quot;: {\r\n                            &quot;width&quot;: 0,\r\n                            &quot;color&quot;: &quot;#000000&quot;\r\n                          },\r\n                          &quot;polygon&quot;: {\r\n                            &quot;nb_sides&quot;: 5\r\n                          },\r\n                          &quot;image&quot;: {\r\n                            &quot;src&quot;: &quot;img\/github.svg&quot;,\r\n                            &quot;width&quot;: 100,\r\n                            &quot;height&quot;: 100\r\n                          }\r\n                        },\r\n                        &quot;opacity&quot;: {\r\n                          &quot;value&quot;: 0.5,\r\n                          &quot;random&quot;: false,\r\n                          &quot;anim&quot;: {\r\n                            &quot;enable&quot;: false,\r\n                            &quot;speed&quot;: 1,\r\n                            &quot;opacity_min&quot;: 0.1,\r\n                            &quot;sync&quot;: false\r\n                          }\r\n                        },\r\n                        &quot;size&quot;: {\r\n                          &quot;value&quot;: 3,\r\n                          &quot;random&quot;: true,\r\n                          &quot;anim&quot;: {\r\n                            &quot;enable&quot;: false,\r\n                            &quot;speed&quot;: 10,\r\n                            &quot;size_min&quot;: 0.1,\r\n                            &quot;sync&quot;: false\r\n                          }\r\n                        },\r\n                        &quot;line_linked&quot;: {\r\n                          &quot;enable&quot;: true,\r\n                          &quot;distance&quot;: 150,\r\n                          &quot;color&quot;: &quot;#ffffff&quot;,\r\n                          &quot;opacity&quot;: 0.4,\r\n                          &quot;width&quot;: 1\r\n                        },\r\n                        &quot;move&quot;: {\r\n                          &quot;enable&quot;: true,\r\n                          &quot;speed&quot;: 3,\r\n                          &quot;direction&quot;: &quot;none&quot;,\r\n                          &quot;random&quot;: false,\r\n                          &quot;straight&quot;: false,\r\n                          &quot;out_mode&quot;: &quot;out&quot;,\r\n                          &quot;bounce&quot;: false,\r\n                          &quot;attract&quot;: {\r\n                            &quot;enable&quot;: false,\r\n                            &quot;rotateX&quot;: 600,\r\n                            &quot;rotateY&quot;: 1200\r\n                          }\r\n                        }\r\n                      },\r\n                      &quot;interactivity&quot;: {\r\n                        &quot;detect_on&quot;: &quot;canvas&quot;,\r\n                        &quot;events&quot;: {\r\n                          &quot;onhover&quot;: {\r\n                            &quot;enable&quot;: true,\r\n                            &quot;mode&quot;: &quot;repulse&quot;\r\n                          },\r\n                          &quot;onclick&quot;: {\r\n                            &quot;enable&quot;: true,\r\n                            &quot;mode&quot;: &quot;push&quot;\r\n                          },\r\n                          &quot;resize&quot;: true\r\n                        },\r\n                        &quot;modes&quot;: {\r\n                          &quot;grab&quot;: {\r\n                            &quot;distance&quot;: 400,\r\n                            &quot;line_linked&quot;: {\r\n                              &quot;opacity&quot;: 1\r\n                            }\r\n                          },\r\n                          &quot;bubble&quot;: {\r\n                            &quot;distance&quot;: 400,\r\n                            &quot;size&quot;: 40,\r\n                            &quot;duration&quot;: 2,\r\n                            &quot;opacity&quot;: 8,\r\n                            &quot;speed&quot;: 3\r\n                          },\r\n                          &quot;repulse&quot;: {\r\n                            &quot;distance&quot;: 200,\r\n                            &quot;duration&quot;: 0.4\r\n                          },\r\n                          &quot;push&quot;: {\r\n                            &quot;particles_nb&quot;: 4\r\n                          },\r\n                          &quot;remove&quot;: {\r\n                            &quot;particles_nb&quot;: 2\r\n                          }\r\n                        }\r\n                      },\r\n                      &quot;retina_detect&quot;: true\r\n                    }\" class=\"has_eae_slider elementor-section elementor-top-section elementor-element elementor-element-d09e932 elementor-section-content-middle eae-particle-yes elementor-section-height-min-height elementor-section-boxed elementor-section-height-default elementor-section-items-middle\" data-eae-slider=\"30184\" data-id=\"d09e932\" data-element_type=\"section\" data-settings=\"{&quot;background_background&quot;:&quot;classic&quot;,&quot;background_image&quot;:{&quot;url&quot;:&quot;&quot;,&quot;id&quot;:&quot;&quot;,&quot;size&quot;:&quot;&quot;}}\">\n\t\t\t\t\t\t\t<div class=\"elementor-background-overlay\"><\/div>\n\t\t\t\t\t\t\t<div class=\"elementor-container elementor-column-gap-no\">\n\t\t\t\t\t<div class=\"has_eae_slider elementor-column elementor-col-100 elementor-top-column elementor-element elementor-element-193e4c1\" data-eae-slider=\"53222\" data-id=\"193e4c1\" data-element_type=\"column\">\n\t\t\t<div class=\"elementor-widget-wrap elementor-element-populated\">\n\t\t\t\t\t\t<div class=\"elementor-element elementor-element-45ac0f9 elementor-widget elementor-widget-heading\" data-id=\"45ac0f9\" data-element_type=\"widget\" data-widget_type=\"heading.default\">\n\t\t\t\t<div class=\"elementor-widget-container\">\n\t\t\t\t\t<h2 class=\"elementor-heading-title elementor-size-default\">Abonniere unseren Newsletter<\/h2>\t\t\t\t<\/div>\n\t\t\t\t<\/div>\n\t\t\t\t<div class=\"elementor-element elementor-element-97c61f2 elementor-widget elementor-widget-html\" data-id=\"97c61f2\" data-element_type=\"widget\" data-widget_type=\"html.default\">\n\t\t\t\t<div class=\"elementor-widget-container\">\n\t\t\t\t\t<script type=\"text\/javascript\" src=\"https:\/\/unte.maillist-manage.com\/js\/optin.min.js\" onload=\"setupSF('dbf29dc3f7675d7397ddd8b791c3c920fb14bfad9d4be9ab','ZCFORMVIEW',false,'light',false,'0')\"><\/script><script type=\"text\/javascript\">function runOnFormSubmit_dbf29dc3f7675d7397ddd8b791c3c920fb14bfad9d4be9ab(th){\/*Before submit, if you want to trigger your event, \"include your code here\"*\/};<\/script><style>#customForm p{display:inline;}.quick_form_7_css * {    -webkit-box-sizing: border-box !important;    -moz-box-sizing: border-box !important;    box-sizing: border-box !important;    overflow-wrap: break-word}@media only screen and (max-width: 600px) {.quick_form_7_css[name=\"SIGNUP_BODY\"] { width: 100% !important; min-width: 100% !important; margin: 0px auto !important; padding: 0px !important } .SIGNUP_FLD { width: 90% !important; margin: 15px 5% !important; padding: 0px !important } .SIGNUP_FLD input { margin: 0 !important } }<\/style><div id=\"dbf29dc3f7675d7397ddd8b791c3c920fb14bfad9d4be9ab\" data-type=\"signupform\" style=\"opacity: 1;\"><div id=\"customForm\"><div class=\"quick_form_7_css\" style=\"background-color: none; z-index: 2; font-family: &quot;Arial&quot;; border: 1px none rgb(206, 206, 206); overflow: hidden; width: 750px\" name=\"SIGNUP_BODY\"><div><div style=\"font-size: 14px; font-family: &quot;Arial&quot;; font-weight: bold; color: rgb(85, 85, 85); text-align: left; padding: 15px 15px 5px; width: 100%; display: block; box-sizing: border-box\" id=\"SIGNUP_HEADING\"><\/div><div style=\"position:relative;\"><div id=\"Zc_SignupSuccess\" style=\"display:none;position:absolute;margin-left:4%;width:90%;background-color: white; padding: 3px; border: 3px solid rgb(194, 225, 154);  margin-top: 10px;margin-bottom:10px;word-break:break-all\"><table width=\"100%\" cellspacing=\"0\" cellpadding=\"0\" border=\"0\"><tbody><tr><td width=\"10%\"><img decoding=\"async\" class=\"successicon\" src=\"https:\/\/unte.maillist-manage.com\/images\/challangeiconenable.jpg\" align=\"absmiddle\"><\/td><td><span id=\"signupSuccessMsg\" style=\"color: rgb(73, 140, 132); font-family: sans-serif; font-size: 14px;word-break:break-word\">&nbsp;&nbsp;Thank you for Signing Up<\/span><\/td><\/tr><\/tbody><\/table><\/div><\/div><form method=\"POST\" id=\"zcampaignOptinForm\" style=\"margin: 0px; width: 100%; text-align: center\" action=\"https:\/\/maillist-manage.com\/weboptin.zc\" target=\"_zcSignup\"><div style=\"background-color: rgb(255, 235, 232); padding: 10px; color: rgb(210, 0, 0); font-size: 11px; margin: 20px 10px 0px; border: 1px solid rgb(255, 217, 211); opacity: 1; display: none\" id=\"errorMsgDiv\">Please correct the marked field(s) below.<\/div><div style=\"position: relative; width: 33%; display: inline-block; height: 55px\" class=\"SIGNUP_FLD\"><div style=\"padding: 5px 0px; color: rgb(85, 85, 85); font-size: 12px; font-family: Arial; display: block; text-align: left\"><\/div><input type=\"text\" style=\"border-width: 1px; border-color: rgb(214, 205, 205); width: 100%; height: 100%; z-index: 4; outline: currentcolor none medium; padding: 5px 10px; color: rgb(113, 106, 106); text-align: left; border-radius: 4px; background-color: rgb(246, 246, 246); box-sizing: border-box; font-family: Open Sans; border-style: none; font-size: 14px\" changeitem=\"SIGNUP_FORM_FIELD\" name=\"CONTACT_EMAIL\" id=\"EMBED_FORM_EMAIL_LABEL\" placeholder=\"E-Mail\"><\/div><div style=\"position: relative; margin: 5px 0px 40px 10px; width: 33%; display: inline-block; height: 55px\" class=\"SIGNUP_FLD\"><div style=\"padding: 5px 0px; color: rgb(85, 85, 85); font-size: 12px; font-family: Arial; display: block; text-align: left\"><\/div><input type=\"text\" style=\"border-width: 1px; border-color: rgb(214, 205, 205); width: 100%; height: 100%; z-index: 4; outline: currentcolor none medium; padding: 5px 10px; color: rgb(113, 106, 106); text-align: left; border-radius: 4px; background-color: rgb(246, 246, 246); box-sizing: border-box; font-family: Open Sans; border-style: none; font-size: 14px\" changeitem=\"SIGNUP_FORM_FIELD\" name=\"LASTNAME\" id=\"EMBED_FORM_NAME_LABEL\" placeholder=\"Name\"><\/div><div style=\"position: relative; margin: 0px 0px 15px 12px; display: inline-block; height: 55px; width: 30%\" class=\"SIGNUP_FLD\"><input type=\"button\" style=\"text-align: center; width: 100%; height: 100%; z-index: 5; border: 0px none; color: rgb(255, 255, 255); cursor: pointer; outline: currentcolor none medium; background-color: rgb(255, 97, 97); border-radius: 4px; font-size: 16px\" name=\"SIGNUP_SUBMIT_BUTTON\" id=\"zcWebOptin\" value=\"Anmelden\"><\/div><input type=\"hidden\" id=\"fieldBorder\" value=\"\"><input type=\"hidden\" id=\"submitType\" name=\"submitType\" value=\"optinCustomView\"><input type=\"hidden\" id=\"emailReportId\" name=\"emailReportId\" value=\"\"><input type=\"hidden\" id=\"formType\" name=\"formType\" value=\"QuickForm\"><input type=\"hidden\" name=\"zx\" id=\"cmpZuid\" value=\"127e688b2\"><input type=\"hidden\" name=\"zcvers\" value=\"3.0\"><input type=\"hidden\" name=\"oldListIds\" id=\"allCheckedListIds\" value=\"\"><input type=\"hidden\" id=\"mode\" name=\"mode\" value=\"OptinCreateView\"><input type=\"hidden\" id=\"zcld\" name=\"zcld\" value=\"1c3cde41e88b35f\"><input type=\"hidden\" id=\"document_domain\" value=\"\"><input type=\"hidden\" id=\"zc_Url\" value=\"unte.maillist-manage.com\"><input type=\"hidden\" id=\"new_optin_response_in\" value=\"0\"><input type=\"hidden\" id=\"duplicate_optin_response_in\" value=\"0\"><input type=\"hidden\" name=\"zc_trackCode\" id=\"zc_trackCode\" value=\"ZCFORMVIEW\"><input type=\"hidden\" id=\"zc_formIx\" name=\"zc_formIx\" value=\"dbf29dc3f7675d730271791363cb889144b5077c3a9b178f\"><input type=\"hidden\" id=\"viewFrom\" value=\"URL_ACTION\"><span style=\"display: none\" id=\"dt_CONTACT_EMAIL\">1,true,6,Kontakt-E-Mail,2<\/span><span style=\"display: none\" id=\"dt_FIRSTNAME\">1,false,1,Vorname,2<\/span><span style=\"display: none\" id=\"dt_LASTNAME\">1,false,1,Nachname,2<\/span><\/form><\/div><\/div><\/div><img decoding=\"async\" src=\"https:\/\/unte.maillist-manage.com\/images\/spacer.gif\" id=\"refImage\" onload=\"referenceSetter(this)\" style=\"display:none;\"><\/div><input type=\"hidden\" id=\"signupFormType\" value=\"QuickForm_Horizontal\"><div id=\"zcOptinOverLay\" oncontextmenu=\"return false\" style=\"display:none;text-align: center; background-color: rgb(0, 0, 0); opacity: 0.5; z-index: 100; position: fixed; width: 100%; top: 0px; left: 0px; height: 988px;\"><\/div><div id=\"zcOptinSuccessPopup\" style=\"display:none;z-index: 9999;width: 800px; height: 40%;top: 84px;position: fixed; left: 26%;background-color: #FFFFFF;border-color: #E6E6E6; border-style: solid; border-width: 1px;  box-shadow: 0 1px 10px #424242;padding: 35px;\"><span style=\"position: absolute;top: -16px;right:-14px;z-index:99999;cursor: pointer;\" id=\"closeSuccess\"><img decoding=\"async\" src=\"https:\/\/unte.maillist-manage.com\/images\/videoclose.png\"><\/span><div id=\"zcOptinSuccessPanel\"><\/div><\/div>\t\t\t\t<\/div>\n\t\t\t\t<\/div>\n\t\t\t\t<div class=\"elementor-element elementor-element-686c07c elementor-widget elementor-widget-text-editor\" data-id=\"686c07c\" data-element_type=\"widget\" data-widget_type=\"text-editor.default\">\n\t\t\t\t<div class=\"elementor-widget-container\">\n\t\t\t\t\t\t\t\t\t<p>Hinweis: Sie k\u00f6nnen den Newsletter der TimeWaver Home GmbH \u2009jederzeit und kostenfrei abbestellen. Ihre Daten werden nur zum Versand des Newsletters genutzt. Wir geben Ihre Daten nicht weiter. Mehr Informationen zum Umgang mit Nutzer-Daten finden Sie in unserer <span style=\"color: #ffffff;\"><strong><a style=\"color: #ffffff;\" href=\"https:\/\/www.ecr-inst.com\/de\/datenschutz\/\">Datenschutz-Erkl\u00e4rung<\/a><\/strong><\/span>.<\/p>\t\t\t\t\t\t\t\t<\/div>\n\t\t\t\t<\/div>\n\t\t\t\t\t<\/div>\n\t\t<\/div>\n\t\t\t\t\t<\/div>\n\t\t<\/section>\n\t\t\t\t<\/div>\n\t\t","protected":false},"excerpt":{"rendered":"<p>SPENDEN Wenn Sie uns eine Spende geben m\u00f6chten, k\u00f6nnen Sie dies gern an uns tun, unter unserer Kontoverbindung: Veden Akademie e.V.IBAN:\u00a0BIC:\u00a0GENODEF1NPPRaiffeisenbank Ostprignitz-Ruppin Wenn Ihre Spende zielgerichtet f\u00fcr eines der Forschungsinstutute [&hellip;]<\/p>\n","protected":false},"author":5,"featured_media":0,"parent":0,"menu_order":5,"comment_status":"closed","ping_status":"closed","template":"","meta":{"_bbp_topic_count":0,"_bbp_reply_count":0,"_bbp_total_topic_count":0,"_bbp_total_reply_count":0,"_bbp_voice_count":0,"_bbp_anonymous_reply_count":0,"_bbp_topic_count_hidden":0,"_bbp_reply_count_hidden":0,"_bbp_forum_subforum_count":0,"site-sidebar-layout":"no-sidebar","site-content-layout":"page-builder","ast-site-content-layout":"default","site-content-style":"default","site-sidebar-style":"default","ast-global-header-display":"","ast-banner-title-visibility":"","ast-main-header-display":"","ast-hfb-above-header-display":"","ast-hfb-below-header-display":"","ast-hfb-mobile-header-display":"","site-post-title":"disabled","ast-breadcrumbs-content":"","ast-featured-img":"disabled","footer-sml-layout":"","theme-transparent-header-meta":"","adv-header-id-meta":"","stick-header-meta":"","header-above-stick-meta":"","header-main-stick-meta":"","header-below-stick-meta":"","astra-migrate-meta-layouts":"default","ast-page-background-enabled":"default","ast-page-background-meta":{"desktop":{"background-color":"","background-image":"","background-repeat":"repeat","background-position":"center center","background-size":"auto","background-attachment":"scroll","background-type":"","background-media":"","overlay-type":"","overlay-color":"","overlay-opacity":"","overlay-gradient":""},"tablet":{"background-color":"","background-image":"","background-repeat":"repeat","background-position":"center center","background-size":"auto","background-attachment":"scroll","background-type":"","background-media":"","overlay-type":"","overlay-color":"","overlay-opacity":"","overlay-gradient":""},"mobile":{"background-color":"","background-image":"","background-repeat":"repeat","background-position":"center center","background-size":"auto","background-attachment":"scroll","background-type":"","background-media":"","overlay-type":"","overlay-color":"","overlay-opacity":"","overlay-gradient":""}},"ast-content-background-meta":{"desktop":{"background-color":"var(--ast-global-color-5)","background-image":"","background-repeat":"repeat","background-position":"center center","background-size":"auto","background-attachment":"scroll","background-type":"","background-media":"","overlay-type":"","overlay-color":"","overlay-opacity":"","overlay-gradient":""},"tablet":{"background-color":"var(--ast-global-color-5)","background-image":"","background-repeat":"repeat","background-position":"center center","background-size":"auto","background-attachment":"scroll","background-type":"","background-media":"","overlay-type":"","overlay-color":"","overlay-opacity":"","overlay-gradient":""},"mobile":{"background-color":"var(--ast-global-color-5)","background-image":"","background-repeat":"repeat","background-position":"center center","background-size":"auto","background-attachment":"scroll","background-type":"","background-media":"","overlay-type":"","overlay-color":"","overlay-opacity":"","overlay-gradient":""}},"footnotes":""},"class_list":["post-3619","page","type-page","status-publish","hentry"],"post_mailing_queue_ids":[],"_links":{"self":[{"href":"https:\/\/www.ecr-inst.com\/de\/wp-json\/wp\/v2\/pages\/3619","targetHints":{"allow":["GET"]}}],"collection":[{"href":"https:\/\/www.ecr-inst.com\/de\/wp-json\/wp\/v2\/pages"}],"about":[{"href":"https:\/\/www.ecr-inst.com\/de\/wp-json\/wp\/v2\/types\/page"}],"author":[{"embeddable":true,"href":"https:\/\/www.ecr-inst.com\/de\/wp-json\/wp\/v2\/users\/5"}],"replies":[{"embeddable":true,"href":"https:\/\/www.ecr-inst.com\/de\/wp-json\/wp\/v2\/comments?post=3619"}],"version-history":[{"count":8,"href":"https:\/\/www.ecr-inst.com\/de\/wp-json\/wp\/v2\/pages\/3619\/revisions"}],"predecessor-version":[{"id":25441,"href":"https:\/\/www.ecr-inst.com\/de\/wp-json\/wp\/v2\/pages\/3619\/revisions\/25441"}],"wp:attachment":[{"href":"https:\/\/www.ecr-inst.com\/de\/wp-json\/wp\/v2\/media?parent=3619"}],"curies":[{"name":"wp","href":"https:\/\/api.w.org\/{rel}","templated":true}]}}