{"id":27371,"date":"2021-02-26T10:14:12","date_gmt":"2021-02-26T09:14:12","guid":{"rendered":"https:\/\/www.ecr-inst.com\/?page_id=27371"},"modified":"2021-02-26T10:17:00","modified_gmt":"2021-02-26T09:17:00","slug":"agb-2","status":"publish","type":"page","link":"https:\/\/www.ecr-inst.com\/de\/agb-2\/","title":{"rendered":"AGB"},"content":{"rendered":"\t\t<div data-elementor-type=\"wp-post\" data-elementor-id=\"27371\" class=\"elementor elementor-27371 elementor-27327\" data-elementor-post-type=\"page\">\n\t\t\t\t\t\t<section data-eae-particle=\"{\n  &quot;particles&quot;: {\n    &quot;number&quot;: {\n      &quot;value&quot;: 6,\n      &quot;density&quot;: {\n        &quot;enable&quot;: true,\n        &quot;value_area&quot;: 800\n      }\n    },\n    &quot;color&quot;: {\n      &quot;value&quot;: &quot;#1b1e34&quot;\n    },\n    &quot;shape&quot;: {\n      &quot;type&quot;: &quot;polygon&quot;,\n      &quot;stroke&quot;: {\n        &quot;width&quot;: 0,\n        &quot;color&quot;: &quot;#000&quot;\n      },\n      &quot;polygon&quot;: {\n        &quot;nb_sides&quot;: 6\n      },\n      &quot;image&quot;: {\n        &quot;src&quot;: &quot;img\/github.svg&quot;,\n        &quot;width&quot;: 100,\n        &quot;height&quot;: 100\n      }\n    },\n    &quot;opacity&quot;: {\n      &quot;value&quot;: 0.01,\n      &quot;random&quot;: true,\n      &quot;anim&quot;: {\n        &quot;enable&quot;: false,\n        &quot;speed&quot;: 1,\n        &quot;opacity_min&quot;: 0.1,\n        &quot;sync&quot;: false\n      }\n    },\n    &quot;size&quot;: {\n      &quot;value&quot;: 160,\n      &quot;random&quot;: false,\n      &quot;anim&quot;: {\n        &quot;enable&quot;: true,\n        &quot;speed&quot;: 1,\n        &quot;size_min&quot;: 40,\n        &quot;sync&quot;: false\n      }\n    },\n    &quot;line_linked&quot;: {\n      &quot;enable&quot;: false,\n      &quot;distance&quot;: 200,\n      &quot;color&quot;: &quot;#ffffff&quot;,\n      &quot;opacity&quot;: 1,\n      &quot;width&quot;: 2\n    },\n    &quot;move&quot;: {\n      &quot;enable&quot;: true,\n      &quot;speed&quot;: 3,\n      &quot;direction&quot;: &quot;none&quot;,\n      &quot;random&quot;: false,\n      &quot;straight&quot;: false,\n      &quot;out_mode&quot;: &quot;out&quot;,\n      &quot;bounce&quot;: false,\n      &quot;attract&quot;: {\n        &quot;enable&quot;: false,\n        &quot;rotateX&quot;: 600,\n        &quot;rotateY&quot;: 1200\n      }\n    }\n  },\n  &quot;interactivity&quot;: {\n    &quot;detect_on&quot;: &quot;canvas&quot;,\n    &quot;events&quot;: {\n      &quot;onhover&quot;: {\n        &quot;enable&quot;: false,\n        &quot;mode&quot;: &quot;grab&quot;\n      },\n      &quot;onclick&quot;: {\n        &quot;enable&quot;: false,\n        &quot;mode&quot;: &quot;push&quot;\n      },\n      &quot;resize&quot;: true\n    },\n    &quot;modes&quot;: {\n      &quot;grab&quot;: {\n        &quot;distance&quot;: 400,\n        &quot;line_linked&quot;: {\n          &quot;opacity&quot;: 1\n        }\n      },\n      &quot;bubble&quot;: {\n        &quot;distance&quot;: 400,\n        &quot;size&quot;: 40,\n        &quot;duration&quot;: 2,\n        &quot;opacity&quot;: 8,\n        &quot;speed&quot;: 2\n      },\n      &quot;repulse&quot;: {\n        &quot;distance&quot;: 200,\n        &quot;duration&quot;: 0.4\n      },\n      &quot;push&quot;: {\n        &quot;particles_nb&quot;: 4\n      },\n      &quot;remove&quot;: {\n        &quot;particles_nb&quot;: 2\n      }\n    }\n  },\n  &quot;retina_detect&quot;: true\n}\" class=\"has_eae_slider elementor-section elementor-top-section elementor-element elementor-element-79b4e74 elementor-section-height-min-height elementor-section-content-middle eae-particle-yes elementor-section-boxed elementor-section-height-default elementor-section-items-middle\" data-eae-slider=\"53799\" data-id=\"79b4e74\" data-element_type=\"section\" data-settings=\"{&quot;background_background&quot;:&quot;classic&quot;,&quot;background_image&quot;:{&quot;url&quot;:&quot;&quot;,&quot;id&quot;:&quot;&quot;,&quot;size&quot;:&quot;&quot;}}\">\n\t\t\t\t\t\t<div class=\"elementor-container elementor-column-gap-no\">\n\t\t\t\t\t<div class=\"has_eae_slider elementor-column elementor-col-100 elementor-top-column elementor-element elementor-element-f736f72\" data-eae-slider=\"88140\" data-id=\"f736f72\" data-element_type=\"column\" data-settings=\"{&quot;background_background&quot;:&quot;classic&quot;}\">\n\t\t\t<div class=\"elementor-widget-wrap elementor-element-populated\">\n\t\t\t\t\t\t<div class=\"elementor-element elementor-element-fbc08b0 elementor-widget elementor-widget-heading\" data-id=\"fbc08b0\" data-element_type=\"widget\" data-widget_type=\"heading.default\">\n\t\t\t\t<div class=\"elementor-widget-container\">\n\t\t\t\t\t<p class=\"elementor-heading-title elementor-size-default\">Allgemeine Gesch\u00e4ftsbedingungen (AGB) f\u00fcr die Kursreihe \u201eEXPANSIONS OF QUANTUM THEORY TOWARDS CONSCIOUSNESS\u201c:<\/p>\t\t\t\t<\/div>\n\t\t\t\t<\/div>\n\t\t\t\t<div class=\"elementor-element elementor-element-988ac0c elementor-widget elementor-widget-text-editor\" data-id=\"988ac0c\" data-element_type=\"widget\" data-widget_type=\"text-editor.default\">\n\t\t\t\t<div class=\"elementor-widget-container\">\n\t\t\t\t\t\t\t\t\t<div class=\"elementor-element elementor-element-14f207f7 elementor-widget elementor-widget-heading\" data-id=\"14f207f7\" data-element_type=\"heading.default\"><div class=\"elementor-widget-container\"><p>1. Veranstaltung\u2028<br \/>Die Kursreihe \u201eEXPANSIONS OF QUANTUM THEORY TOWARDS CONSCIOUSNESS\u201c besteht aus 12 zusammengeh\u00f6rigen Webinaren vom 09.04.2021 bis einschlie\u00dflich 25.06.2021. Die Kursreihe kann nur als Ganzes gebucht werden; die Buchung einzelner Kurse zu Teilpreisen ist nicht m\u00f6glich.<\/p><p>2. Buchung \/ Teilnahme<br \/>Die Buchung erfolgt auf unserer Webseite, \u00fcber das Formular \u201ePRE-REGISTRATION FOR THE WEBINAR\u201c. Danach erh\u00e4lt der Interessent seiner Registrationslink zu unserer E-Learning-Plattform zur vollst\u00e4ndigen Anmeldung. Die Teilnahme an der Webinarreihe erfolgt ebenfalls \u00fcber unsere E-Learning-Plattform.<br \/>Die Anmeldung umfasst die M\u00f6glichkeit der Teilnahme an der Webinarreihe. Die Anmeldung ist verbindlich und l\u00f6st die bei der Anmeldung angegebenen Kosten aus, auch wenn der Angemeldete an der Webinarreihe (oder einzelnen Webinaren davon) nicht teilnimmt. <br \/>Die Anmeldung zum Webinar kann bis zum Beginn des ersten Webinars (09.04.2021) zur\u00fcck genommen \/ widerrufen werden, ohne dass die Webinarkosten anfallen. <br \/>Die Kursreihe &#8220;Expansions of Quantum Theory towards Consciousness&#8221; wird in englischer Sprache durchgef\u00fchrt. Es besteht keine Verpflichtung seitens des Veranstalters, \u00dcbersetzungen der Kursinhalte zur Verf\u00fcgung zu stellen.<\/p><p>3. Kosten<br \/>Die Teilnahme an der Webinarreihe kostet:\u2028a) 240,- Euro (brutto) f\u00fcr Berufst\u00e4tige,\u2028b) 120,- Euro (brutto) f\u00fcr Studenten au\u00dferhalb Indiens,\u2028c) 60,- Euro (brutto) f\u00fcr Indische Studenten von Indischen Universit\u00e4ten,\u2028d) 60,- Euro (brutto) ECR-Partner und DSVV-Partner von Indischen Universit\u00e4ten.<br \/>F\u00fcr DSVV-Studenten und DSVV-Mitarbeiter sowie ECR-Mitarbeiter ist die Webinarreihe nach Vorlage ihres Mitarbeiterstatus kostenlos.<br \/>Alle Studenten m\u00fcssen ihre aktuelle Immatrikulationsbescheinigung als Scan oder Bild hochladen, um mit der Anmeldung fortfahren zu k\u00f6nnen. Die Dokumente werden auf ihre G\u00fcltigkeit gepr\u00fcft. Sollten wir Unstimmigkeiten feststellen, sind wir verpflichtet, den vollen Betrag von 240,- Euro brutto zu berechnen.<br \/>Die Kosten umfassen Lernmaterial, Tests, Videos, Zertifikate; soweit diese zum Kurs erstellt werden.<\/p><p>4. Keine Mitschnitte der Webinare<br \/>Es ist den Teilnehmern nicht gestattet, Mitschnitte in Bild und\/oder Ton der einzelnen Webinare selbst zu fertigen und auf jedwede Art weiter zu verbreiten oder zu ver\u00f6ffentlichen &#8211; auch auszugsweise. Davon ausgenommen ist lediglich die Aufnahme zum ausschlie\u00dflichen Eigengebrauch. Es darf insbesondere nicht im Internet ver\u00f6ffentlicht werden.<\/p><p>5. Zertifikat<br \/>Am Ende des gesamten 12-teiligen Kurses wird ein Online-Multiple-Choice-Test zur Verf\u00fcgung gestellt, der sich auf die 12 Webinar-Inhalte bezieht. Die erfolgreiche Durchf\u00fchrung dieses Testes zu dem Kurs \u201eEXPANSIONS OF QUANTUM THEORY TOWARDS CONSCIOUSNESS\u201c ist die Grundlage zum Erhalt des Kurs-Zertifikats der Dev Sanskriti Universit\u00e4t.<\/p><p>Widerrufsbelehrung f\u00fcr die Erbringung von Dienstleistungen:<br \/>Die folgenden Widerrufsbelehrungen gelten nur f\u00fcr Verbraucher: Verbrauchern steht ein Widerrufsrecht nach folgender Ma\u00dfgabe zu, wobei Verbraucher jede nat\u00fcrliche Person ist, die ein Rechtsgesch\u00e4ft zu Zwecken abschlie\u00dft, die \u00fcberwiegend weder ihrer gewerblichen noch ihrer selbst\u00e4ndigen beruflichen T\u00e4tigkeit zugerechnet werden k\u00f6nnen:<br \/>Widerrufsrecht<br \/>Sie haben das Recht, binnen vierzehn Tagen ohne Angabe von Gr\u00fcnden diesen Vertrag zu widerrufen. Die Widerrufsfrist betr\u00e4gt vierzehn Tage ab dem Tag des Vertragsschlusses. Um Ihr Widerrufsrecht auszu\u00fcben, m\u00fcssen Sie uns:<\/p><p>ConScience e.V.\u2028Wilhelm-Pieck-Stra\u00dfe 78\u2028D-16845 Dreetz\u2028<br \/>Germany<br \/>E-Mail:\u00a0contact@ecr-inst.com<\/p><p>mittels einer eindeutigen Erkl\u00e4rung (z.B. ein mit der Post versandter Brief oder E-Mail) \u00fcber Ihren Entschluss, diesen Vertrag zu widerrufen, informieren. Sie k\u00f6nnen daf\u00fcr das beigef\u00fcgte Muster-Widerrufsformular verwenden, das jedoch nicht vorgeschrieben ist. Zur Wahrung der Widerrufsfrist reicht es aus, dass Sie die Mitteilung \u00fcber die Aus\u00fcbung des Widerrufsrechts vor Ablauf der Widerrufsfrist absenden.<\/p><p>Folgen des Widerrufs<br \/>Wenn Sie diesen Vertrag widerrufen, haben wir Ihnen alle Zahlungen, die wir von Ihnen erhalten haben, einschlie\u00dflich der Lieferkosten (mit Ausnahme der zus\u00e4tzlichen Kosten, die sich daraus ergeben, dass Sie eine andere Art der Lieferung als die von uns angebotene, g\u00fcnstigste Standardlieferung gew\u00e4hlt haben), unverz\u00fcglich und sp\u00e4testens binnen vierzehn Tagen ab dem Tag zur\u00fcckzuzahlen, an dem die Mitteilung \u00fcber Ihren Widerruf dieses Vertrags bei uns eingegangen ist. F\u00fcr diese R\u00fcckzahlung verwenden wir dasselbe Zahlungsmittel, das Sie bei der urspr\u00fcnglichen Transaktion eingesetzt haben, es sei denn, mit Ihnen wurde ausdr\u00fccklich etwas anderes vereinbart; in keinem Fall werden Ihnen wegen dieser R\u00fcckzahlung Entgelte berechnet. Haben Sie verlangt, dass die Dienstleistungen w\u00e4hrend der Widerrufsfrist beginnen sollen, so haben Sie uns einen angemessenen Betrag zu zahlen, der dem Anteil der bis zu dem Zeitpunkt, zu dem Sie uns von der Aus\u00fcbung des Widerrufsrechts hinsichtlich dieses Vertrags unterrichten, bereits erbrachten Dienstleistungen im Vergleich zum Gesamtumfang der im Vertrag vorgesehenen Dienstleistungen entspricht.<\/p><p>Ende der Widerrufsbelehrung<\/p><p>Stand 02\/2021<\/p><\/div><\/div>\t\t\t\t\t\t\t\t<\/div>\n\t\t\t\t<\/div>\n\t\t\t\t\t<\/div>\n\t\t<\/div>\n\t\t\t\t\t<\/div>\n\t\t<\/section>\n\t\t\t\t<\/div>\n\t\t","protected":false},"excerpt":{"rendered":"<p>Allgemeine Gesch\u00e4ftsbedingungen (AGB) f\u00fcr die Kursreihe \u201eEXPANSIONS OF QUANTUM THEORY TOWARDS CONSCIOUSNESS\u201c: 1. Veranstaltung\u2028Die Kursreihe \u201eEXPANSIONS OF QUANTUM THEORY TOWARDS CONSCIOUSNESS\u201c besteht aus 12 zusammengeh\u00f6rigen Webinaren vom 09.04.2021 bis einschlie\u00dflich [&hellip;]<\/p>\n","protected":false},"author":2,"featured_media":0,"parent":0,"menu_order":13,"comment_status":"closed","ping_status":"closed","template":"","meta":{"_bbp_topic_count":0,"_bbp_reply_count":0,"_bbp_total_topic_count":0,"_bbp_total_reply_count":0,"_bbp_voice_count":0,"_bbp_anonymous_reply_count":0,"_bbp_topic_count_hidden":0,"_bbp_reply_count_hidden":0,"_bbp_forum_subforum_count":0,"site-sidebar-layout":"no-sidebar","site-content-layout":"page-builder","ast-site-content-layout":"default","site-content-style":"default","site-sidebar-style":"default","ast-global-header-display":"","ast-banner-title-visibility":"","ast-main-header-display":"disabled","ast-hfb-above-header-display":"","ast-hfb-below-header-display":"","ast-hfb-mobile-header-display":"","site-post-title":"disabled","ast-breadcrumbs-content":"","ast-featured-img":"disabled","footer-sml-layout":"","theme-transparent-header-meta":"default","adv-header-id-meta":"","stick-header-meta":"","header-above-stick-meta":"","header-main-stick-meta":"","header-below-stick-meta":"","astra-migrate-meta-layouts":"default","ast-page-background-enabled":"default","ast-page-background-meta":{"desktop":{"background-color":"","background-image":"","background-repeat":"repeat","background-position":"center center","background-size":"auto","background-attachment":"scroll","background-type":"","background-media":"","overlay-type":"","overlay-color":"","overlay-opacity":"","overlay-gradient":""},"tablet":{"background-color":"","background-image":"","background-repeat":"repeat","background-position":"center center","background-size":"auto","background-attachment":"scroll","background-type":"","background-media":"","overlay-type":"","overlay-color":"","overlay-opacity":"","overlay-gradient":""},"mobile":{"background-color":"","background-image":"","background-repeat":"repeat","background-position":"center center","background-size":"auto","background-attachment":"scroll","background-type":"","background-media":"","overlay-type":"","overlay-color":"","overlay-opacity":"","overlay-gradient":""}},"ast-content-background-meta":{"desktop":{"background-color":"var(--ast-global-color-5)","background-image":"","background-repeat":"repeat","background-position":"center center","background-size":"auto","background-attachment":"scroll","background-type":"","background-media":"","overlay-type":"","overlay-color":"","overlay-opacity":"","overlay-gradient":""},"tablet":{"background-color":"var(--ast-global-color-5)","background-image":"","background-repeat":"repeat","background-position":"center center","background-size":"auto","background-attachment":"scroll","background-type":"","background-media":"","overlay-type":"","overlay-color":"","overlay-opacity":"","overlay-gradient":""},"mobile":{"background-color":"var(--ast-global-color-5)","background-image":"","background-repeat":"repeat","background-position":"center center","background-size":"auto","background-attachment":"scroll","background-type":"","background-media":"","overlay-type":"","overlay-color":"","overlay-opacity":"","overlay-gradient":""}},"footnotes":""},"class_list":["post-27371","page","type-page","status-publish","hentry"],"post_mailing_queue_ids":[],"_links":{"self":[{"href":"https:\/\/www.ecr-inst.com\/de\/wp-json\/wp\/v2\/pages\/27371","targetHints":{"allow":["GET"]}}],"collection":[{"href":"https:\/\/www.ecr-inst.com\/de\/wp-json\/wp\/v2\/pages"}],"about":[{"href":"https:\/\/www.ecr-inst.com\/de\/wp-json\/wp\/v2\/types\/page"}],"author":[{"embeddable":true,"href":"https:\/\/www.ecr-inst.com\/de\/wp-json\/wp\/v2\/users\/2"}],"replies":[{"embeddable":true,"href":"https:\/\/www.ecr-inst.com\/de\/wp-json\/wp\/v2\/comments?post=27371"}],"version-history":[{"count":3,"href":"https:\/\/www.ecr-inst.com\/de\/wp-json\/wp\/v2\/pages\/27371\/revisions"}],"predecessor-version":[{"id":27395,"href":"https:\/\/www.ecr-inst.com\/de\/wp-json\/wp\/v2\/pages\/27371\/revisions\/27395"}],"wp:attachment":[{"href":"https:\/\/www.ecr-inst.com\/de\/wp-json\/wp\/v2\/media?parent=27371"}],"curies":[{"name":"wp","href":"https:\/\/api.w.org\/{rel}","templated":true}]}}